{"id":299,"date":"2017-08-25T15:36:43","date_gmt":"2017-08-25T12:36:43","guid":{"rendered":"http:\/\/moser:8888\/moser-loadsystem\/"},"modified":"2018-03-14T18:37:54","modified_gmt":"2018-03-14T15:37:54","slug":"moser-loadsystem","status":"publish","type":"page","link":"https:\/\/www.moser-fahrzeugbau.swiss\/fr\/moser-loadsystem\/","title":{"rendered":"MOSER LOADSYSTEM"},"content":{"rendered":"<p>Le MOSER LOADSYSTEM a \u00e9t\u00e9 con\u00e7u sp\u00e9cialement pour \u00eatre utilis\u00e9 sur les chantiers suisses. Le syst\u00e8me cin\u00e9matique unique apporte une stabilit\u00e9 au basculement incomparable. Le circuit load sensing garantit des s\u00e9quences de mouvements rapides et permet en plus des op\u00e9rations simultan\u00e9es et dosables. L\u2019ex\u00e9cution des man\u0153uvres \u00e0 l\u2019aide du joystick est intuitive. Les fonctions intelligentes pr\u00e9programm\u00e9es (abaissement automatique, rentr\u00e9e et sortie automatique des b\u00e9quilles de stabilisation, clapet de crochet automatique) augmentent le confort d\u2019utilisation du LOADSYSTEM.<\/p>\n","protected":false},"excerpt":{"rendered":"<p>Le MOSER LOADSYSTEM a \u00e9t\u00e9 con\u00e7u sp\u00e9cialement pour \u00eatre utilis\u00e9 sur les chantiers suisses. Le syst\u00e8me cin\u00e9matique unique apporte une stabilit\u00e9 au basculement incomparable. Le circuit load sensing garantit des s\u00e9quences de mouvements rapides et permet en plus des op\u00e9rations simultan\u00e9es et dosables. L\u2019ex\u00e9cution des man\u0153uvres \u00e0 l\u2019aide du joystick est intuitive. Les fonctions intelligentes [&hellip;]<\/p>\n","protected":false},"author":1,"featured_media":0,"parent":0,"menu_order":4,"comment_status":"closed","ping_status":"closed","template":"page-templates\/product.php","meta":{"inline_featured_image":false,"footnotes":""},"class_list":["post-299","page","type-page","status-publish","hentry"],"acf":[],"yoast_head":"<!-- This site is optimized with the Yoast SEO plugin v27.2 - https:\/\/yoast.com\/product\/yoast-seo-wordpress\/ -->\n<title>MOSER LOADSYSTEM &#8211; Moser<\/title>\n<meta name=\"robots\" content=\"index, follow, max-snippet:-1, max-image-preview:large, max-video-preview:-1\" \/>\n<link rel=\"canonical\" href=\"https:\/\/moser.swiss\/moser-loadsystem\/\" \/>\n<meta property=\"og:locale\" content=\"fr_FR\" \/>\n<meta property=\"og:type\" content=\"article\" \/>\n<meta property=\"og:title\" content=\"MOSER LOADSYSTEM &#8211; Moser\" \/>\n<meta property=\"og:description\" content=\"Le MOSER LOADSYSTEM a \u00e9t\u00e9 con\u00e7u sp\u00e9cialement pour \u00eatre utilis\u00e9 sur les chantiers suisses. Le syst\u00e8me cin\u00e9matique unique apporte une stabilit\u00e9 au basculement incomparable. Le circuit load sensing garantit des s\u00e9quences de mouvements rapides et permet en plus des op\u00e9rations simultan\u00e9es et dosables. L\u2019ex\u00e9cution des man\u0153uvres \u00e0 l\u2019aide du joystick est intuitive. Les fonctions intelligentes [&hellip;]\" \/>\n<meta property=\"og:url\" content=\"https:\/\/moser.swiss\/moser-loadsystem\/\" \/>\n<meta property=\"og:site_name\" content=\"Moser\" \/>\n<meta property=\"article:modified_time\" content=\"2018-03-14T15:37:54+00:00\" \/>\n<meta name=\"twitter:card\" content=\"summary_large_image\" \/>\n<script type=\"application\/ld+json\" class=\"yoast-schema-graph\">{\"@context\":\"https:\/\/schema.org\",\"@graph\":[{\"@type\":\"WebPage\",\"@id\":\"https:\/\/moser.swiss\/moser-loadsystem\/\",\"url\":\"https:\/\/moser.swiss\/moser-loadsystem\/\",\"name\":\"MOSER LOADSYSTEM &#8211; Moser\",\"isPartOf\":{\"@id\":\"https:\/\/www.moser.swiss\/#website\"},\"datePublished\":\"2017-08-25T12:36:43+00:00\",\"dateModified\":\"2018-03-14T15:37:54+00:00\",\"breadcrumb\":{\"@id\":\"https:\/\/moser.swiss\/moser-loadsystem\/#breadcrumb\"},\"inLanguage\":\"fr-FR\",\"potentialAction\":[{\"@type\":\"ReadAction\",\"target\":[\"https:\/\/moser.swiss\/moser-loadsystem\/\"]}]},{\"@type\":\"BreadcrumbList\",\"@id\":\"https:\/\/moser.swiss\/moser-loadsystem\/#breadcrumb\",\"itemListElement\":[{\"@type\":\"ListItem\",\"position\":1,\"name\":\"\u0413\u043b\u0430\u0432\u043d\u0430\u044f \u0441\u0442\u0440\u0430\u043d\u0438\u0446\u0430\",\"item\":\"https:\/\/mail.moser.swiss\/fr\/\"},{\"@type\":\"ListItem\",\"position\":2,\"name\":\"MOSER LOADSYSTEM\"}]},{\"@type\":\"WebSite\",\"@id\":\"https:\/\/www.moser.swiss\/#website\",\"url\":\"https:\/\/www.moser.swiss\/\",\"name\":\"Moser\",\"description\":\"Toujours une charge d&#039;avance.\",\"potentialAction\":[{\"@type\":\"SearchAction\",\"target\":{\"@type\":\"EntryPoint\",\"urlTemplate\":\"https:\/\/www.moser.swiss\/?s={search_term_string}\"},\"query-input\":{\"@type\":\"PropertyValueSpecification\",\"valueRequired\":true,\"valueName\":\"search_term_string\"}}],\"inLanguage\":\"fr-FR\"}]}<\/script>\n<!-- \/ Yoast SEO plugin. -->","yoast_head_json":{"title":"MOSER LOADSYSTEM &#8211; Moser","robots":{"index":"index","follow":"follow","max-snippet":"max-snippet:-1","max-image-preview":"max-image-preview:large","max-video-preview":"max-video-preview:-1"},"canonical":"https:\/\/moser.swiss\/moser-loadsystem\/","og_locale":"fr_FR","og_type":"article","og_title":"MOSER LOADSYSTEM &#8211; Moser","og_description":"Le MOSER LOADSYSTEM a \u00e9t\u00e9 con\u00e7u sp\u00e9cialement pour \u00eatre utilis\u00e9 sur les chantiers suisses. Le syst\u00e8me cin\u00e9matique unique apporte une stabilit\u00e9 au basculement incomparable. Le circuit load sensing garantit des s\u00e9quences de mouvements rapides et permet en plus des op\u00e9rations simultan\u00e9es et dosables. L\u2019ex\u00e9cution des man\u0153uvres \u00e0 l\u2019aide du joystick est intuitive. Les fonctions intelligentes [&hellip;]","og_url":"https:\/\/moser.swiss\/moser-loadsystem\/","og_site_name":"Moser","article_modified_time":"2018-03-14T15:37:54+00:00","twitter_card":"summary_large_image","schema":{"@context":"https:\/\/schema.org","@graph":[{"@type":"WebPage","@id":"https:\/\/moser.swiss\/moser-loadsystem\/","url":"https:\/\/moser.swiss\/moser-loadsystem\/","name":"MOSER LOADSYSTEM &#8211; Moser","isPartOf":{"@id":"https:\/\/www.moser.swiss\/#website"},"datePublished":"2017-08-25T12:36:43+00:00","dateModified":"2018-03-14T15:37:54+00:00","breadcrumb":{"@id":"https:\/\/moser.swiss\/moser-loadsystem\/#breadcrumb"},"inLanguage":"fr-FR","potentialAction":[{"@type":"ReadAction","target":["https:\/\/moser.swiss\/moser-loadsystem\/"]}]},{"@type":"BreadcrumbList","@id":"https:\/\/moser.swiss\/moser-loadsystem\/#breadcrumb","itemListElement":[{"@type":"ListItem","position":1,"name":"\u0413\u043b\u0430\u0432\u043d\u0430\u044f \u0441\u0442\u0440\u0430\u043d\u0438\u0446\u0430","item":"https:\/\/mail.moser.swiss\/fr\/"},{"@type":"ListItem","position":2,"name":"MOSER LOADSYSTEM"}]},{"@type":"WebSite","@id":"https:\/\/www.moser.swiss\/#website","url":"https:\/\/www.moser.swiss\/","name":"Moser","description":"Toujours une charge d&#039;avance.","potentialAction":[{"@type":"SearchAction","target":{"@type":"EntryPoint","urlTemplate":"https:\/\/www.moser.swiss\/?s={search_term_string}"},"query-input":{"@type":"PropertyValueSpecification","valueRequired":true,"valueName":"search_term_string"}}],"inLanguage":"fr-FR"}]}},"_links":{"self":[{"href":"https:\/\/www.moser-fahrzeugbau.swiss\/fr\/wp-json\/wp\/v2\/pages\/299","targetHints":{"allow":["GET"]}}],"collection":[{"href":"https:\/\/www.moser-fahrzeugbau.swiss\/fr\/wp-json\/wp\/v2\/pages"}],"about":[{"href":"https:\/\/www.moser-fahrzeugbau.swiss\/fr\/wp-json\/wp\/v2\/types\/page"}],"author":[{"embeddable":true,"href":"https:\/\/www.moser-fahrzeugbau.swiss\/fr\/wp-json\/wp\/v2\/users\/1"}],"replies":[{"embeddable":true,"href":"https:\/\/www.moser-fahrzeugbau.swiss\/fr\/wp-json\/wp\/v2\/comments?post=299"}],"version-history":[{"count":0,"href":"https:\/\/www.moser-fahrzeugbau.swiss\/fr\/wp-json\/wp\/v2\/pages\/299\/revisions"}],"wp:attachment":[{"href":"https:\/\/www.moser-fahrzeugbau.swiss\/fr\/wp-json\/wp\/v2\/media?parent=299"}],"curies":[{"name":"wp","href":"https:\/\/api.w.org\/{rel}","templated":true}]}}