{"id":303,"date":"2017-08-25T15:37:39","date_gmt":"2017-08-25T12:37:39","guid":{"rendered":"http:\/\/moser:8888\/moser-variosystem\/"},"modified":"2018-02-27T11:15:54","modified_gmt":"2018-02-27T08:15:54","slug":"moser-variosystem","status":"publish","type":"page","link":"https:\/\/www.moser-fahrzeugbau.swiss\/fr\/moser-variosystem\/","title":{"rendered":"MOSER VARIOSYSTEM"},"content":{"rendered":"<p>MOSER VARIOSYSTEM, le syst\u00e8me derri\u00e8re le syst\u00e8me.<\/p>\n<p>Toutes les superstructures MOSER, que ce soit ROCKBOX, TRIBOX, CONICBOX ou LOADSYSTEM, ont une largeur de ch\u00e2ssis synchronis\u00e9e et une forme de ch\u00e2ssis normalis\u00e9e. D\u2019autres superstructures, comme des malaxeurs \u00e0 b\u00e9ton, peuvent facilement \u00eatre adapt\u00e9es \u00e0 la norme MOSER. Cette synchronisation permet de r\u00e9utiliser des superstructures existantes et d\u2019augmenter ainsi les dur\u00e9es d\u2019amortissement et diminuer les frais d\u2019investissement dans les superstructures.<\/p>\n","protected":false},"excerpt":{"rendered":"<p>MOSER VARIOSYSTEM, le syst\u00e8me derri\u00e8re le syst\u00e8me. Toutes les superstructures MOSER, que ce soit ROCKBOX, TRIBOX, CONICBOX ou LOADSYSTEM, ont une largeur de ch\u00e2ssis synchronis\u00e9e et une forme de ch\u00e2ssis normalis\u00e9e. D\u2019autres superstructures, comme des malaxeurs \u00e0 b\u00e9ton, peuvent facilement \u00eatre adapt\u00e9es \u00e0 la norme MOSER. Cette synchronisation permet de r\u00e9utiliser des superstructures existantes et [&hellip;]<\/p>\n","protected":false},"author":1,"featured_media":0,"parent":0,"menu_order":0,"comment_status":"closed","ping_status":"closed","template":"page-templates\/product.php","meta":{"inline_featured_image":false,"footnotes":""},"class_list":["post-303","page","type-page","status-publish","hentry"],"acf":[],"yoast_head":"<!-- This site is optimized with the Yoast SEO plugin v27.2 - https:\/\/yoast.com\/product\/yoast-seo-wordpress\/ -->\n<title>MOSER VARIOSYSTEM &#8211; Moser<\/title>\n<meta name=\"robots\" content=\"index, follow, max-snippet:-1, max-image-preview:large, max-video-preview:-1\" \/>\n<link rel=\"canonical\" href=\"https:\/\/moser.swiss\/fr\/moser-variosystem\/\" \/>\n<meta property=\"og:locale\" content=\"fr_FR\" \/>\n<meta property=\"og:type\" content=\"article\" \/>\n<meta property=\"og:title\" content=\"MOSER VARIOSYSTEM &#8211; Moser\" \/>\n<meta property=\"og:description\" content=\"MOSER VARIOSYSTEM, le syst\u00e8me derri\u00e8re le syst\u00e8me. Toutes les superstructures MOSER, que ce soit ROCKBOX, TRIBOX, CONICBOX ou LOADSYSTEM, ont une largeur de ch\u00e2ssis synchronis\u00e9e et une forme de ch\u00e2ssis normalis\u00e9e. D\u2019autres superstructures, comme des malaxeurs \u00e0 b\u00e9ton, peuvent facilement \u00eatre adapt\u00e9es \u00e0 la norme MOSER. Cette synchronisation permet de r\u00e9utiliser des superstructures existantes et [&hellip;]\" \/>\n<meta property=\"og:url\" content=\"https:\/\/moser.swiss\/fr\/moser-variosystem\/\" \/>\n<meta property=\"og:site_name\" content=\"Moser\" \/>\n<meta property=\"article:modified_time\" content=\"2018-02-27T08:15:54+00:00\" \/>\n<meta name=\"twitter:card\" content=\"summary_large_image\" \/>\n<script type=\"application\/ld+json\" class=\"yoast-schema-graph\">{\"@context\":\"https:\/\/schema.org\",\"@graph\":[{\"@type\":\"WebPage\",\"@id\":\"https:\/\/moser.swiss\/fr\/moser-variosystem\/\",\"url\":\"https:\/\/moser.swiss\/fr\/moser-variosystem\/\",\"name\":\"MOSER VARIOSYSTEM &#8211; Moser\",\"isPartOf\":{\"@id\":\"https:\/\/moser-steffisburg.swiss\/#website\"},\"datePublished\":\"2017-08-25T12:37:39+00:00\",\"dateModified\":\"2018-02-27T08:15:54+00:00\",\"breadcrumb\":{\"@id\":\"https:\/\/moser.swiss\/fr\/moser-variosystem\/#breadcrumb\"},\"inLanguage\":\"fr-FR\",\"potentialAction\":[{\"@type\":\"ReadAction\",\"target\":[\"https:\/\/moser.swiss\/fr\/moser-variosystem\/\"]}]},{\"@type\":\"BreadcrumbList\",\"@id\":\"https:\/\/moser.swiss\/fr\/moser-variosystem\/#breadcrumb\",\"itemListElement\":[{\"@type\":\"ListItem\",\"position\":1,\"name\":\"\u0413\u043b\u0430\u0432\u043d\u0430\u044f \u0441\u0442\u0440\u0430\u043d\u0438\u0446\u0430\",\"item\":\"https:\/\/www.moser.swiss\/fr\/\"},{\"@type\":\"ListItem\",\"position\":2,\"name\":\"MOSER VARIOSYSTEM\"}]},{\"@type\":\"WebSite\",\"@id\":\"https:\/\/moser-steffisburg.swiss\/#website\",\"url\":\"https:\/\/moser-steffisburg.swiss\/\",\"name\":\"Moser\",\"description\":\"Toujours une charge d&#039;avance.\",\"potentialAction\":[{\"@type\":\"SearchAction\",\"target\":{\"@type\":\"EntryPoint\",\"urlTemplate\":\"https:\/\/moser-steffisburg.swiss\/?s={search_term_string}\"},\"query-input\":{\"@type\":\"PropertyValueSpecification\",\"valueRequired\":true,\"valueName\":\"search_term_string\"}}],\"inLanguage\":\"fr-FR\"}]}<\/script>\n<!-- \/ Yoast SEO plugin. -->","yoast_head_json":{"title":"MOSER VARIOSYSTEM &#8211; Moser","robots":{"index":"index","follow":"follow","max-snippet":"max-snippet:-1","max-image-preview":"max-image-preview:large","max-video-preview":"max-video-preview:-1"},"canonical":"https:\/\/moser.swiss\/fr\/moser-variosystem\/","og_locale":"fr_FR","og_type":"article","og_title":"MOSER VARIOSYSTEM &#8211; Moser","og_description":"MOSER VARIOSYSTEM, le syst\u00e8me derri\u00e8re le syst\u00e8me. Toutes les superstructures MOSER, que ce soit ROCKBOX, TRIBOX, CONICBOX ou LOADSYSTEM, ont une largeur de ch\u00e2ssis synchronis\u00e9e et une forme de ch\u00e2ssis normalis\u00e9e. D\u2019autres superstructures, comme des malaxeurs \u00e0 b\u00e9ton, peuvent facilement \u00eatre adapt\u00e9es \u00e0 la norme MOSER. Cette synchronisation permet de r\u00e9utiliser des superstructures existantes et [&hellip;]","og_url":"https:\/\/moser.swiss\/fr\/moser-variosystem\/","og_site_name":"Moser","article_modified_time":"2018-02-27T08:15:54+00:00","twitter_card":"summary_large_image","schema":{"@context":"https:\/\/schema.org","@graph":[{"@type":"WebPage","@id":"https:\/\/moser.swiss\/fr\/moser-variosystem\/","url":"https:\/\/moser.swiss\/fr\/moser-variosystem\/","name":"MOSER VARIOSYSTEM &#8211; Moser","isPartOf":{"@id":"https:\/\/moser-steffisburg.swiss\/#website"},"datePublished":"2017-08-25T12:37:39+00:00","dateModified":"2018-02-27T08:15:54+00:00","breadcrumb":{"@id":"https:\/\/moser.swiss\/fr\/moser-variosystem\/#breadcrumb"},"inLanguage":"fr-FR","potentialAction":[{"@type":"ReadAction","target":["https:\/\/moser.swiss\/fr\/moser-variosystem\/"]}]},{"@type":"BreadcrumbList","@id":"https:\/\/moser.swiss\/fr\/moser-variosystem\/#breadcrumb","itemListElement":[{"@type":"ListItem","position":1,"name":"\u0413\u043b\u0430\u0432\u043d\u0430\u044f \u0441\u0442\u0440\u0430\u043d\u0438\u0446\u0430","item":"https:\/\/www.moser.swiss\/fr\/"},{"@type":"ListItem","position":2,"name":"MOSER VARIOSYSTEM"}]},{"@type":"WebSite","@id":"https:\/\/moser-steffisburg.swiss\/#website","url":"https:\/\/moser-steffisburg.swiss\/","name":"Moser","description":"Toujours une charge d&#039;avance.","potentialAction":[{"@type":"SearchAction","target":{"@type":"EntryPoint","urlTemplate":"https:\/\/moser-steffisburg.swiss\/?s={search_term_string}"},"query-input":{"@type":"PropertyValueSpecification","valueRequired":true,"valueName":"search_term_string"}}],"inLanguage":"fr-FR"}]}},"_links":{"self":[{"href":"https:\/\/www.moser-fahrzeugbau.swiss\/fr\/wp-json\/wp\/v2\/pages\/303","targetHints":{"allow":["GET"]}}],"collection":[{"href":"https:\/\/www.moser-fahrzeugbau.swiss\/fr\/wp-json\/wp\/v2\/pages"}],"about":[{"href":"https:\/\/www.moser-fahrzeugbau.swiss\/fr\/wp-json\/wp\/v2\/types\/page"}],"author":[{"embeddable":true,"href":"https:\/\/www.moser-fahrzeugbau.swiss\/fr\/wp-json\/wp\/v2\/users\/1"}],"replies":[{"embeddable":true,"href":"https:\/\/www.moser-fahrzeugbau.swiss\/fr\/wp-json\/wp\/v2\/comments?post=303"}],"version-history":[{"count":0,"href":"https:\/\/www.moser-fahrzeugbau.swiss\/fr\/wp-json\/wp\/v2\/pages\/303\/revisions"}],"wp:attachment":[{"href":"https:\/\/www.moser-fahrzeugbau.swiss\/fr\/wp-json\/wp\/v2\/media?parent=303"}],"curies":[{"name":"wp","href":"https:\/\/api.w.org\/{rel}","templated":true}]}}